{"id":2814,"date":"2019-04-18T10:39:28","date_gmt":"2019-04-18T10:39:28","guid":{"rendered":"http:\/\/www.geraldojewellery.com\/?page_id=2814"},"modified":"2022-11-15T15:23:50","modified_gmt":"2022-11-15T15:23:50","slug":"find-us","status":"publish","type":"page","link":"https:\/\/www.geraldojewellery.com\/fr\/find-us\/","title":{"rendered":"TROUVER NOUS"},"content":{"rendered":"<p><\/p>\n<div class=\"row align-items-center mt-4 mb-0\" style=\"background: #f6f6f6;\">\n<div class=\"col-12 offset-sm-1 col-sm-5\"><div class=\"eds-animate edsanimate-sis-hidden \" data-eds-entry-animation=\"fadeInUp\" data-eds-entry-delay=\"0\" data-eds-entry-duration=\"1\" data-eds-entry-timing=\"linear\" data-eds-exit-animation=\"\" data-eds-exit-delay=\"\" data-eds-exit-duration=\"\" data-eds-exit-timing=\"\" data-eds-repeat-count=\"1\" data-eds-keep=\"yes\" data-eds-animate-on=\"load\" data-eds-scroll-offset=\"\"><\/p>\n<p class=\"mt-5 mb-5\" style=\"color: #212529;\"> D\u00e9couvrez notre showroom ou prenez rendez-vous \u00e0 l&rsquo;endroit de votre choix. <\/p>\n<p class=\"mb-5\">12 Rue Ha-Yetsira, Ramat Gan, Isra\u00ebl 5252150<br \/>\nt. <a href=\"tel:+972559600403\" style=\"color: #808080;\">+972559600403<\/a> <a href=\"tel:+972559600403\" style=\"color: #808080;\">+972547007292<\/a><br \/>\n<a href=\"mailto:info@geraldojewellery.com?Subject=Hello%20again\" target=\"_top\" rel=\"noopener noreferrer\" style=\"color: #808080;\">info@geraldojewellery.com<\/a><\/p>\n<\/div><\/div>\n<div class=\"col-12 col-sm-5 pt-4 pb-4\"><div class=\"eds-animate edsanimate-sis-hidden \" data-eds-entry-animation=\"fadeInRight\" data-eds-entry-delay=\"0\" data-eds-entry-duration=\"1\" data-eds-entry-timing=\"linear\" data-eds-exit-animation=\"\" data-eds-exit-delay=\"\" data-eds-exit-duration=\"\" data-eds-exit-timing=\"\" data-eds-repeat-count=\"1\" data-eds-keep=\"yes\" data-eds-animate-on=\"load\" data-eds-scroll-offset=\"\"><img decoding=\"async\" src=\"http:\/\/www.geraldojewellery.com\/wp-content\/uploads\/2019\/05\/fullsizeoutput_159.jpeg\" \/><\/div><\/div>\n<\/div>\n<div class=\"row\">\n<div class=\"col-12 text-center\"><div class=\"eds-animate edsanimate-sis-hidden \" data-eds-entry-animation=\"fadeInUp\" data-eds-entry-delay=\"0\" data-eds-entry-duration=\"1\" data-eds-entry-timing=\"linear\" data-eds-exit-animation=\"\" data-eds-exit-delay=\"\" data-eds-exit-duration=\"\" data-eds-exit-timing=\"\" data-eds-repeat-count=\"1\" data-eds-keep=\"yes\" data-eds-animate-on=\"scroll\" data-eds-scroll-offset=\"75\"><\/p>\n<p class=\"mt-4 mb-3\" style=\"color: #212529;\">Si vous souhaitez visiter l&rsquo;un de ces sites, merci de prendre<br class=\"d-none d-sm-block\"\/> rendez-vous via <a id=\"appointmentreq1\" style=\"color: #000; text-decoration: underline;\">formulaire<\/a>, <a href=\"mailto:info@geraldojewellery.com\" style=\"color: #000; text-decoration: underline;\"> envoyez nous une note<\/a> ou laissez vos coordonn\u00e9es,<br class=\"d-none d-sm-block\"\/> afin que nous puissions vous contacter.<\/p>\n<\/div><\/div>\n<\/div>\n<p><\/p>","protected":false},"excerpt":{"rendered":"<p>D\u00e9couvrez notre showroom ou prenez rendez-vous \u00e0 l&rsquo;endroit de votre choix. 12 Rue Ha-Yetsira, Ramat Gan, Isra\u00ebl 5252150 t. +972559600403 +972547007292 info@geraldojewellery.com Si vous souhaitez visiter l&rsquo;un de ces sites, merci de prendre rendez-vous via formulaire, envoyez nous une note ou laissez vos coordonn\u00e9es, afin que nous puissions vous contacter.<\/p>\n","protected":false},"author":1,"featured_media":0,"parent":0,"menu_order":0,"comment_status":"closed","ping_status":"closed","template":"findustemplate.php","meta":{"footnotes":""},"_links":{"self":[{"href":"https:\/\/www.geraldojewellery.com\/fr\/wp-json\/wp\/v2\/pages\/2814"}],"collection":[{"href":"https:\/\/www.geraldojewellery.com\/fr\/wp-json\/wp\/v2\/pages"}],"about":[{"href":"https:\/\/www.geraldojewellery.com\/fr\/wp-json\/wp\/v2\/types\/page"}],"author":[{"embeddable":true,"href":"https:\/\/www.geraldojewellery.com\/fr\/wp-json\/wp\/v2\/users\/1"}],"replies":[{"embeddable":true,"href":"https:\/\/www.geraldojewellery.com\/fr\/wp-json\/wp\/v2\/comments?post=2814"}],"version-history":[{"count":101,"href":"https:\/\/www.geraldojewellery.com\/fr\/wp-json\/wp\/v2\/pages\/2814\/revisions"}],"predecessor-version":[{"id":7149,"href":"https:\/\/www.geraldojewellery.com\/fr\/wp-json\/wp\/v2\/pages\/2814\/revisions\/7149"}],"wp:attachment":[{"href":"https:\/\/www.geraldojewellery.com\/fr\/wp-json\/wp\/v2\/media?parent=2814"}],"curies":[{"name":"wp","href":"https:\/\/api.w.org\/{rel}","templated":true}]}}