{"id":3203,"date":"2019-05-02T10:23:15","date_gmt":"2019-05-02T10:23:15","guid":{"rendered":"http:\/\/www.geraldojewellery.com\/?page_id=3203"},"modified":"2019-07-31T13:44:56","modified_gmt":"2019-07-31T13:44:56","slug":"terms-conditions","status":"publish","type":"page","link":"https:\/\/www.geraldojewellery.com\/fr\/terms-conditions\/","title":{"rendered":"Conditions d\u2019utilisation"},"content":{"rendered":"<p><\/p>\n<h2>Introduction<\/h2>\n<p>Ces termes et conditions s&rsquo;appliquent entre vous, l&rsquo;utilisateur de ce site Web (y compris tous les sous-domaines, sauf exclusion expresse de leurs propres termes et conditions), et Geraldo Jewellery Limited, propri\u00e9taire et exploitant de ce site Web. Veuillez lire attentivement ces termes et conditions, car ils affectent vos droits l\u00e9gaux. Votre acceptation de vous conformer \u00e0 ces termes et conditions et de vous y soumettre est r\u00e9put\u00e9e se produire lors de votre premi\u00e8re utilisation du site Web. Si vous n&rsquo;acceptez pas d&rsquo;\u00eatre li\u00e9 par ces termes et conditions, vous devez imm\u00e9diatement cesser d&rsquo;utiliser le site Web.<\/p>\n<p>Dans les pr\u00e9sentes conditions g\u00e9n\u00e9rales, Utilisateur ou Utilisateurs d\u00e9signe tout tiers qui acc\u00e8de au site Web et n&rsquo;est pas non plus (i) employ\u00e9 par Geraldo Jewellery Limited et agissant dans le cadre de leurs activit\u00e9s. ou (ii) engag\u00e9 en tant que consultant ou fournissant de toute autre mani\u00e8re des services \u00e0 Geraldo Jewellery Limited et acc\u00e9dant au site Web dans le cadre de la fourniture de tels services.<\/p>\n<p>Vous devez avoir au moins 18 ans pour utiliser ce site Web. En utilisant le site Web et en acceptant ces termes et conditions, vous d\u00e9clarez et garantissez que vous avez au moins 18 ans.<\/p>\n<p>&nbsp;<\/p>\n<h2>Propri\u00e9t\u00e9 intellectuelle et usage acceptable<\/h2>\n<p>1.Tous les contenus figurant sur le site Web, \u00e0 moins qu&rsquo;ils ne soient t\u00e9l\u00e9charg\u00e9s par les utilisateurs, sont la propri\u00e9t\u00e9 de Geraldo Jewellery Limited, de nos soci\u00e9t\u00e9s affili\u00e9es ou d&rsquo;autres tiers concern\u00e9s. Dans les pr\u00e9sentes conditions, le terme contenu d\u00e9signe tout texte, graphique, image, son, vid\u00e9o, logiciel, compilation de donn\u00e9es, mise en page, code sous-jacent, logiciel et toute autre forme d\u2019information pouvant \u00eatre stock\u00e9e sur un ordinateur apparaissant ou faisant partie int\u00e9grante. de ce site Web, y compris le contenu t\u00e9l\u00e9charg\u00e9 par les utilisateurs. En continuant \u00e0 utiliser le site Web, vous reconnaissez que ce contenu est prot\u00e9g\u00e9 par le droit d&rsquo;auteur, les marques de commerce, les droits de base de donn\u00e9es et d&rsquo;autres droits de propri\u00e9t\u00e9 intellectuelle. Rien sur ce site ne saurait \u00eatre interpr\u00e9t\u00e9 comme accordant, implicitement, par estoppel ou autrement, une licence ou un droit d&rsquo;utiliser une marque, un logo ou une marque de service affich\u00e9e sur le site sans l&rsquo;autorisation \u00e9crite pr\u00e9alable du propri\u00e9taire.<\/p>\n<p>2.Vous pouvez, pour votre usage personnel et non-commercial, effectuer les op\u00e9rations suivantes:<br \/>\na.extraire, afficher et afficher le contenu sur un \u00e9cran d&rsquo;ordinateur<br \/>\nb.print une copie du contenu<\/p>\n<p>3.Vous ne devez en aucun cas reproduire, modifier, copier, distribuer ou utiliser \u00e0 des fins commerciales tout contenu sans l&rsquo;autorisation \u00e9crite de Geraldo Jewellery Limited.<\/p>\n<p>4.Vous reconnaissez que vous \u00eates responsable de tout contenu que vous pouvez soumettre via le site Web, y compris de la l\u00e9galit\u00e9, de la fiabilit\u00e9, de la pertinence, de l&rsquo;originalit\u00e9 et du droit d&rsquo;auteur de ce contenu. Vous ne pouvez pas t\u00e9l\u00e9charger sur, diffuser ou publier sur le site Web tout contenu (i) confidentiel, exclusif, faux, frauduleux, calomnieux, diffamatoire, obsc\u00e8ne, mena\u00e7ant, portant atteinte au droit \u00e0 la vie priv\u00e9e ou \u00e0 la publicit\u00e9, portant atteinte aux droits de propri\u00e9t\u00e9 intellectuelle, abusif, etc. , ill\u00e9gal ou autrement r\u00e9pr\u00e9hensible; (ii) peut constituer ou encourager une infraction p\u00e9nale, violer les droits de toute partie ou engager de toute autre mani\u00e8re une responsabilit\u00e9 ou violer toute loi; ou (iii) peut contenir des virus informatiques, des campagnes politiques, des cha\u00eenes de lettres, des publipostages en masse ou toute autre forme de \u00ab\u00a0spam\u00a0\u00bb. Vous ne pouvez pas utiliser une fausse adresse \u00e9lectronique ou toute autre information d&rsquo;identification, vous faire passer pour une personne ou une entit\u00e9 ou induire en erreur quant \u00e0 l&rsquo;origine de tout contenu. Vous ne pouvez pas t\u00e9l\u00e9charger de contenu commercial sur le site Web.<\/p>\n<p>5. Vous d\u00e9clarez et garantissez que vous poss\u00e9dez ou contr\u00f4lez autrement tous les droits sur le contenu que vous publiez, que le contenu est exact; que l&rsquo;utilisation du contenu que vous fournissez n&rsquo;enfreint aucune disposition de ces termes et conditions et ne causera pas de pr\u00e9judice \u00e0 quiconque; et que vous allez indemniser<br \/>\nGeraldo Jewellery Limited pour toutes les r\u00e9clamations r\u00e9sultant du contenu que vous fournissez.<br \/>\n&nbsp;<\/p>\n<h2>Utilisation interdite<\/h2>\n<p>6.Vous ne pouvez utiliser le site Web \u00e0 aucune des fins suivantes:<br \/>\na.de toute mani\u00e8re qui cause ou pourrait causer des dommages au site Web ou qui interf\u00e8re avec tout autre<br \/>\nl&rsquo;utilisation ou la jouissance du site Web par la personne;<br \/>\nb.de quelque mani\u00e8re que ce soit qui est nuisible, ill\u00e9gal, ill\u00e9gal, abusif, harcelant, mena\u00e7ant ou autrement<br \/>\ninacceptable ou en violation de toute loi, r\u00e9glementation, ordre gouvernemental applicable;<br \/>\nc.cr\u00e9er, transmettre ou stocker des copies \u00e9lectroniques du contenu prot\u00e9g\u00e9 par le droit d&rsquo;auteur sans que le<br \/>\npermission du propri\u00e9taire.<\/p>\n<p>&nbsp;<\/p>\n<h2>Enregistrement<\/h2>\n<p>7.Vous devez vous assurer que les informations que vous avez fournies lors de votre inscription ou \u00e0 tout moment sont correctes et compl\u00e8tes.<\/p>\n<p>8.Vous devez nous informer imm\u00e9diatement de tout changement apport\u00e9 aux informations que vous fournissez lors de votre inscription en mettant \u00e0 jour vos donn\u00e9es personnelles pour vous assurer que nous pourrons communiquer avec vous de mani\u00e8re efficace.<\/p>\n<p>9.Nous pouvons suspendre ou annuler votre inscription avec effet imm\u00e9diat \u00e0 des fins raisonnables ou si vous enfreignez les pr\u00e9sentes conditions.<\/p>\n<p>10.Vous pouvez annuler votre inscription \u00e0 tout moment en nous informant par \u00e9crit \u00e0 l&rsquo;adresse indiqu\u00e9e \u00e0 la fin des pr\u00e9sentes conditions. Si vous le faites, vous devez imm\u00e9diatement cesser d&rsquo;utiliser le site Web. L&rsquo;annulation ou la suspension de votre inscription n&rsquo;affecte aucun droit statutaire.<br \/>\n&nbsp;<\/p>\n<h2>Liens vers d&rsquo;autres sites Web<\/h2>\n<p>11. Ce site Web peut contenir des liens vers d&rsquo;autres sites. Sauf mention expresse, ces sites ne sont pas sous le contr\u00f4le de Geraldo Jewellery Limited ni de ceux de nos soci\u00e9t\u00e9s affili\u00e9es.<\/p>\n<p>12. Nous n&rsquo;assumons aucune responsabilit\u00e9 pour le contenu de ces sites Web et d\u00e9clinons toute responsabilit\u00e9 pour toute forme de perte ou de dommage r\u00e9sultant de leur utilisation.<\/p>\n<p>13.L&rsquo;inclusion d&rsquo;un lien vers un autre site sur ce site Web n&rsquo;implique aucune approbation des sites eux-m\u00eames ni de ceux qui en ont le contr\u00f4le.<\/p>\n<p>&nbsp;<\/p>\n<h2>Politique de confidentialit\u00e9 et politique de cookies<\/h2>\n<p>14.L&rsquo;utilisation du site Web est \u00e9galement r\u00e9gie par notre politique de confidentialit\u00e9 et notre politique en mati\u00e8re de cookies, qui sont incorpor\u00e9es dans les pr\u00e9sentes conditions g\u00e9n\u00e9rales par cette r\u00e9f\u00e9rence. Pour consulter la politique de confidentialit\u00e9 et la politique de cookies, veuillez cliquer sur les \u00e9l\u00e9ments suivants: http:\/\/www.geraldojewellery.com\/privacy-policy\/ et http:\/\/geraldojewellery.com\/cookies-policy\/.<\/p>\n<p>&nbsp;<\/p>\n<h2>Disponibilit\u00e9 du site Web et des avertissements<\/h2>\n<p>15.Toute installation, outil, service ou information en ligne mis \u00e0 disposition par Geraldo Jewellery Limited sur son site Web (le Service) est fourni \u00ab\u00a0en l&rsquo;\u00e9tat\u00a0\u00bb et sur une base \u00ab\u00a0selon la disponibilit\u00e9\u00a0\u00bb. Nous ne garantissons pas que le Service sera exempt de d\u00e9fauts et\/ou de d\u00e9fauts. Dans les limites maximales permises par la loi, nous ne fournissons aucune garantie (expresse ou implicite) d&rsquo;ad\u00e9quation \u00e0 un usage particulier, d&rsquo;exactitude des informations, de compatibilit\u00e9 et de qualit\u00e9 satisfaisante. Geraldo Jewellery Limited n&rsquo;a aucune obligation de mettre \u00e0 jour les informations sur le site Web.<\/p>\n<p>16.Bien que Geraldo Jewellery Limited d\u00e9ploie tous les efforts raisonnables pour assurer la s\u00e9curit\u00e9 du site Web, contre les erreurs, les virus et autres logiciels malveillants, nous ne donnons aucune garantie \u00e0 cet \u00e9gard et tous les utilisateurs assument la responsabilit\u00e9 de leur s\u00e9curit\u00e9, de leurs donn\u00e9es personnelles et leurs ordinateurs.<\/p>\n<p>17. Geraldo Jewellery Limited d\u00e9cline toute responsabilit\u00e9 en cas de perturbation ou d&rsquo;indisponibilit\u00e9 du site Web.<\/p>\n<p>18.Geraldo Jewellery Limited se r\u00e9serve le droit de modifier, suspendre ou interrompre toute partie (ou la totalit\u00e9 du) site Web, y compris, sans toutefois s&rsquo;y limiter, les produits et \/ ou services disponibles. Les pr\u00e9sentes conditions g\u00e9n\u00e9rales continueront de s&rsquo;appliquer \u00e0 toute version modifi\u00e9e du site Web, sauf indication contraire expresse.<\/p>\n<p>&nbsp;<\/p>\n<h2>Limitation de responsabilit\u00e9<\/h2>\n<p>19.Rien dans les pr\u00e9sentes conditions g\u00e9n\u00e9rales: (a) limiter ou exclure notre ou votre responsabilit\u00e9 en cas de d\u00e9c\u00e8s ou de blessures r\u00e9sultant de notre ou de votre n\u00e9gligence, selon le cas; (b) limiter ou exclure notre responsabilit\u00e9 ou votre responsabilit\u00e9 pour fraude ou d\u00e9claration frauduleuse; ou (c) limiter ou exclure une de nos responsabilit\u00e9s ou de vos responsabilit\u00e9s d&rsquo;une mani\u00e8re non autoris\u00e9e par la loi en vigueur.<\/p>\n<p>20.Nous ne serons pas responsables envers vous des pertes r\u00e9sultant d\u2019\u00e9v\u00e9nements hors de notre contr\u00f4le raisonnable.<\/p>\n<p>21. Dans les limites maximales autoris\u00e9es par la loi, Geraldo Jewellery Limited n&rsquo;accepte aucune responsabilit\u00e9 pour l&rsquo;un des actes suivants:<br \/>\ntoute perte d\u2019entreprise, telle que perte de b\u00e9n\u00e9fice, revenu, revenu, \u00e9pargne pr\u00e9vue, entreprise, contrats, fonds commerciaux ou opportunit\u00e9s commerciales;<br \/>\nperte ou corruption de donn\u00e9es, de bases de donn\u00e9es ou de logiciels;<br \/>\ntoute perte ou tout dommage particulier, indirect ou cons\u00e9cutif.<\/p>\n<p>&nbsp;<\/p>\n<h2>G\u00e9n\u00e9ral<\/h2>\n<p>22.Vous ne pouvez transf\u00e9rer aucun de vos droits en vertu des pr\u00e9sentes conditions \u00e0 une autre personne. Nous pouvons transf\u00e9rer nos droits en vertu des pr\u00e9sentes conditions g\u00e9n\u00e9rales lorsque nous croyons raisonnablement en vos droits.<br \/>\nne sera pas affect\u00e9.<\/p>\n<p>23.Ces termes et conditions peuvent \u00eatre modifi\u00e9s par nous de temps en temps. Ces conditions r\u00e9vis\u00e9es s&rsquo;appliqueront au site Web \u00e0 compter de la date de publication. Les utilisateurs doivent v\u00e9rifier r\u00e9guli\u00e8rement les termes et conditions pour se familiariser avec la version actuelle.<\/p>\n<p>24.Ces conditions g\u00e9n\u00e9rales, ainsi que la Politique de confidentialit\u00e9 et la Politique de cookies, contiennent l&rsquo;int\u00e9gralit\u00e9 de l&rsquo;accord entre les parties concernant son objet et remplacent toutes les discussions, arrangements ou accords ant\u00e9rieurs qui auraient pu avoir lieu en rapport avec les conditions.<\/p>\n<p>25.La loi de 1999 sur les contrats (droits des tiers) ne s&rsquo;applique pas \u00e0 ces conditions g\u00e9n\u00e9rales et aucune tierce partie n&rsquo;aura le droit d&rsquo;appliquer ou de se pr\u00e9valoir d&rsquo;une disposition de ces conditions g\u00e9n\u00e9rales.<\/p>\n<p>26.Si un tribunal ou une autorit\u00e9 comp\u00e9tente constate qu&rsquo;une des dispositions des pr\u00e9sentes conditions (ou une partie d\u2019une disposition) est invalide, ill\u00e9gale ou non ex\u00e9cutoire, cette disposition ou cette partie de disposition sera r\u00e9put\u00e9e supprim\u00e9e, dans la mesure n\u00e9cessaire, et la validit\u00e9 et l&rsquo;applicabilit\u00e9 des autres dispositions de ces termes et conditions ne seront pas affect\u00e9es.<\/p>\n<p>27. Sauf convention contraire, aucun retard, acte ou omission d&rsquo;une partie dans l&rsquo;exercice d&rsquo;un droit ou d&rsquo;un recours ne sera consid\u00e9r\u00e9 comme une renonciation \u00e0 ce droit ou \u00e0 tout autre droit ou recours.<\/p>\n<p>28.Cet accord est r\u00e9gi et interpr\u00e9t\u00e9 conform\u00e9ment au droit anglais et gallois. Tous les litiges n\u00e9s dans le cadre de l&rsquo;accord (y compris les litiges ou revendications non contractuels) sont soumis \u00e0 la juridiction exclusive des tribunaux anglais et gallois.<\/p>\n<p>&nbsp;<\/p>\n<h2>Geraldo Jewellery Limited d\u00e9tails<\/h2>\n<p>29.Geraldo Jewellery Limited est une soci\u00e9t\u00e9 constitu\u00e9e en Angleterre et au Pays de Galles sous le num\u00e9ro 9336743, dont le si\u00e8ge social est Martlet House E1, Yeoman Gate, Yeoman Way Worthing, Royaume-Uni, BN13 3QZ, et exploitant le site Web www.geraldojewellery.com. Le num\u00e9ro de TVA enregistr\u00e9 est 216337130.<\/p>\n<p>Vous pouvez contacter Geraldo Jewellery Limited par courrier \u00e9lectronique \u00e0 info@geraldojewellery.com.<\/p>\n<p>&nbsp;<\/p>\n<h2>Attribution<\/h2>\n<p>30.Ces conditions ont \u00e9t\u00e9 cr\u00e9\u00e9es \u00e0 l&rsquo;aide d&rsquo;un document de Rocket Lawyer (https:\/\/www.rocketlawyer.co.uk).<\/p>","protected":false},"excerpt":{"rendered":"<p>Introduction Ces termes et conditions s&rsquo;appliquent entre vous, l&rsquo;utilisateur de ce site Web (y compris tous les sous-domaines, sauf exclusion expresse de leurs propres termes et conditions), et Geraldo Jewellery Limited, propri\u00e9taire et exploitant de ce site Web. Veuillez lire attentivement ces termes et conditions, car ils affectent vos droits l\u00e9gaux. Votre acceptation de vous [&hellip;]<\/p>\n","protected":false},"author":1,"featured_media":0,"parent":0,"menu_order":0,"comment_status":"closed","ping_status":"closed","template":"","meta":{"footnotes":""},"_links":{"self":[{"href":"https:\/\/www.geraldojewellery.com\/fr\/wp-json\/wp\/v2\/pages\/3203"}],"collection":[{"href":"https:\/\/www.geraldojewellery.com\/fr\/wp-json\/wp\/v2\/pages"}],"about":[{"href":"https:\/\/www.geraldojewellery.com\/fr\/wp-json\/wp\/v2\/types\/page"}],"author":[{"embeddable":true,"href":"https:\/\/www.geraldojewellery.com\/fr\/wp-json\/wp\/v2\/users\/1"}],"replies":[{"embeddable":true,"href":"https:\/\/www.geraldojewellery.com\/fr\/wp-json\/wp\/v2\/comments?post=3203"}],"version-history":[{"count":39,"href":"https:\/\/www.geraldojewellery.com\/fr\/wp-json\/wp\/v2\/pages\/3203\/revisions"}],"predecessor-version":[{"id":4773,"href":"https:\/\/www.geraldojewellery.com\/fr\/wp-json\/wp\/v2\/pages\/3203\/revisions\/4773"}],"wp:attachment":[{"href":"https:\/\/www.geraldojewellery.com\/fr\/wp-json\/wp\/v2\/media?parent=3203"}],"curies":[{"name":"wp","href":"https:\/\/api.w.org\/{rel}","templated":true}]}}